{"id":3,"date":"2025-04-19T17:10:23","date_gmt":"2025-04-19T17:10:23","guid":{"rendered":"http:\/\/amigosdelaunesco.com\/?page_id=3"},"modified":"2025-06-08T02:34:35","modified_gmt":"2025-06-08T07:34:35","slug":"privacy-policy","status":"publish","type":"page","link":"https:\/\/amigosdelaunesco.com\/en\/privacy-policy\/","title":{"rendered":"Privacy Policy"},"content":{"rendered":"<div data-elementor-type=\"wp-page\" data-elementor-id=\"3\" class=\"elementor elementor-3\" data-elementor-post-type=\"page\">\n\t\t\t\t<div class=\"elementor-element elementor-element-12625872 e-flex e-con-boxed cmsmasters-block-default e-con e-parent\" data-id=\"12625872\" data-element_type=\"container\">\n\t\t\t\t\t<div class=\"e-con-inner\">\n\t\t\t\t<div class=\"elementor-element elementor-element-28f414d cmsmasters-block-default cmsmasters-sticky-default elementor-widget elementor-widget-spacer\" data-id=\"28f414d\" data-element_type=\"widget\" data-widget_type=\"spacer.default\">\n\t\t\t\t<div class=\"elementor-widget-container\">\n\t\t\t\t\t\t\t<div class=\"elementor-spacer\">\n\t\t\t<div class=\"elementor-spacer-inner\"><\/div>\n\t\t<\/div>\n\t\t\t\t\t\t<\/div>\n\t\t\t\t<\/div>\n\t\t\t\t<div class=\"elementor-element elementor-element-3907814 cmsmasters-block-default cmsmasters-sticky-default elementor-widget elementor-widget-text-editor\" data-id=\"3907814\" data-element_type=\"widget\" data-widget_type=\"text-editor.default\">\n\t\t\t\t<div class=\"elementor-widget-container\">\n\t\t\t\t\t\t\t\t\t\n<h2 class=\"wp-block-heading\"><strong>Friends of UNESCO Corporation Privacy Policy<\/strong><\/h2>\n<p>At UNESCO Friends Corporation, we are committed to the protection and privacy of personal data. <span class=\"citation-82 citation-end-82\">of our users and visitors. This privacy policy details how we collect, use and protect your information.<\/span> on our website, hosted by Hostinger Colombia.<\/p>\n<h3 class=\"wp-block-heading\"><strong>Who are we?<\/strong><\/h3>\n\n<p>Our website address is: <strong><a class=\"ng-star-inserted\" href=\"https:\/\/amigosdelaunesco.com\/en\/\" target=\"_blank\" rel=\"noopener\">https:\/\/amigosdelaunesco.com<\/a><\/strong>. We are the <strong>Friends of UNESCO Corporation<\/strong>a private, non-profit organization dedicated to integral social development in Colombia, with global support.<\/p>\n\n<h3 class=\"wp-block-heading\">Comments<\/h3>\n\n<p data-sourcepos=\"13:1-14:275\">When the <span class=\"citation-81\">visitors leave comments on our site, we collect the data displayed in the comment form, as well as the address and phone number of the visitor.<\/span><span class=\"citation-80 citation-81 citation-end-81\">visitor's IP address<\/span><span class=\"citation-80\"> and the browser's user agent string to assist with the <\/span><span class=\"citation-79 citation-80\">spam detection.<\/span><\/p>\n<p data-sourcepos=\"16:1-16:485\"><span class=\"citation-79 citation-80 citation-end-80\">An anonymized string created from your address<\/span><span class=\"citation-79\"> email address (also called <\/span><span class=\"citation-78 citation-79 citation-end-79\">hash) can be provided to the<\/span><span class=\"citation-78 citation-end-78\"> Gravatar service to see if you are using it. The Gravatar service privacy policy is available here:<\/span> <a class=\"ng-star-inserted\" href=\"https:\/\/automattic.com\/privacy\/\" target=\"_blank\" rel=\"noopener\">https:\/\/automattic.com\/privacy\/<\/a>. <span class=\"citation-77 citation-end-77\">After approval of your comment, your profile picture will be visible to the public in the context of your comment.<\/span><\/p>\n\n<h3 class=\"wp-block-heading\">Media<\/h3>\n\n<p>If you upload images to our <span class=\"citation-76\">website, you should avoid uploading <\/span><span class=\"citation-75 citation-76 citation-end-76\">images with embedded location data (EXIF GPS). Website visitors can download<\/span><span class=\"citation-75\"> and extract any data <\/span><span class=\"citation-74 citation-75 citation-end-75\">location of the images on the site<\/span><span class=\"citation-74\"> web.<\/span><\/p>\n\n<h3 class=\"wp-block-heading\">Cookies<\/h3>\n\n<p data-sourcepos=\"21:1-22:322\"><span class=\"citation-74\">If you leave a comment on our site, you can <\/span><span class=\"citation-73 citation-74 citation-end-74\">choose to save your name, email address, and email address<\/span><span class=\"citation-73\"> and website in cookies. This is for your convenience, so that you do not <\/span><span class=\"citation-72 citation-73 citation-end-73\">have to return<\/span><span class=\"citation-72\"> to fill in your data when you leave <\/span><span class=\"citation-71 citation-72\">other comment. These cookies will have a duration of one year.<\/span><\/p>\n<p data-sourcepos=\"24:1-24:233\"><span class=\"citation-71 citation-72 citation-end-72\">If you visit our login page,<\/span><span class=\"citation-71\"> we will set a cookie <\/span><span class=\"citation-70 citation-71 citation-end-71\">to determine whether your browser accepts cookies. This cookie does not contain personal data<\/span><span class=\"citation-70\"> and is deleted when you close your browser.<\/span><\/p>\n<p data-sourcepos=\"26:1-26:454\"><span class=\"citation-70 citation-end-70\">When you start<\/span> <span class=\"citation-69 citation-end-69\">session, we will also set several cookies to store your login information and your screen display options. The login cookies last for two days, and the display options cookies last for two days.<\/span> <span class=\"citation-68 citation-end-68\">The screen time will last for one year. If you select \"Remember me\", your login will persist for two weeks. If you log out of your account, your login cookies will be deleted.<\/span><\/p>\n<p data-sourcepos=\"28:1-28:243\"><span class=\"citation-67 citation-end-67\">If you edit or publish an article, an additional cookie will be stored in your browser. This cookie does not include personal data and simply indicates<\/span> the ID of the article entry you have just edited. Expires <span class=\"citation-66\">after 1 day.<\/span><\/p>\n\n<h3 class=\"wp-block-heading\"><strong><span class=\"citation-66\">Embedded content from other websites<\/span><\/strong><\/h3>\n\n<p data-sourcepos=\"30:1-31:271\"><span class=\"citation-66 citation-end-66\">Articles on this site may include embedded content (e.g., videos, images, articles, etc.). The content<\/span> <span class=\"citation-65\">embedded from other websites behaves in exactly the same way as if the visitor had visited the other website.<\/span><\/p>\n<p data-sourcepos=\"33:1-33:336\"><span class=\"citation-65 citation-end-65\">These websites may collect data about you,<\/span> use <span class=\"citation-64\">cookies, embed additional third-party tracking and monitor your interaction with that embedded content, including tracking your interaction with <\/span><span class=\"citation-63 citation-64 citation-end-64\">the embedded content if you have an account and are logged in at<\/span><span class=\"citation-63\"> that website.<\/span><\/p>\n\n<h3 class=\"wp-block-heading\"><strong><span class=\"citation-63\">With whom we share your data<\/span><\/strong><\/h3>\n\n<p><span class=\"citation-63 citation-end-63\">If you request a password reset, your IP address will be<\/span> including <span class=\"citation-62\">in the reset email.<\/span><\/p>\n\n<h3 class=\"wp-block-heading\"><strong><span class=\"citation-62\">How long we keep your data<\/span><\/strong><\/h3>\n\n<p data-sourcepos=\"38:1-39:245\"><span class=\"citation-62\">If you leave <\/span><span class=\"citation-61 citation-62 citation-end-62\">a comment, the comment and its metadata are retained.<\/span><span class=\"citation-61\"> indefinitely. This is so that we can automatically recognize and approve any follow-up comments instead of keeping them in a moderation queue.<\/span><\/p>\n<p data-sourcepos=\"41:1-41:397\"><span class=\"citation-61 citation-end-61\">For users who register<\/span> on our website (if any), we also store the personal information they provide in their user profile. All users can view, edit or delete their personal information at any time (except that they cannot change their user name). Site administrators <span class=\"citation-60\">web can also view and edit that information.<\/span><\/p>\n\n<h3 class=\"wp-block-heading\"><strong><span class=\"citation-60\">What rights do you have over your data<\/span><\/strong><\/h3>\n\n<p><span class=\"citation-60\">If you have an account on this site, or you have left <\/span><span class=\"citation-59 citation-60 citation-end-60\">comments, you can request to receive an exported file of the comments.<\/span><span class=\"citation-59\"> personal data that we hold about you, including any personal data that we hold about you, including any personal data that we hold about you, including any personal data that we hold about you. <\/span><span class=\"citation-58 citation-59 citation-end-59\">you have provided us. Also<\/span><span class=\"citation-58 citation-end-58\"> You may request that we delete any personal data we hold about you. This does not include any data that we are required to retain for administrative, legal or security purposes.<\/span><\/p>\n\n<h3 class=\"wp-block-heading\"><strong>Where they are shipped <span class=\"citation-57\">your data<\/span><\/strong><\/h3>\n\n<p>Visitor comments can be reviewed through an automated spam detection service.<\/p>\n\n<p>\u00a0<\/p>\t\t\t\t\t\t\t\t<\/div>\n\t\t\t\t<\/div>\n\t\t\t\t\t<\/div>\n\t\t\t\t<\/div>\n\t\t\t\t<\/div>","protected":false},"excerpt":{"rendered":"<p>Pol\u00edtica de Privacidad de la Corporaci\u00f3n Amigos de la UNESCO En la Corporaci\u00f3n Amigos de la UNESCO, nos comprometemos con la protecci\u00f3n y privacidad de los datos personales de nuestros usuarios y visitantes. Esta pol\u00edtica de privacidad detalla c\u00f3mo recopilamos, utilizamos y protegemos la informaci\u00f3n en nuestro sitio web, alojado por Hostinger Colombia. \u00bfQui\u00e9nes somos?&#8230;<\/p>","protected":false},"author":1,"featured_media":0,"parent":0,"menu_order":0,"comment_status":"closed","ping_status":"open","template":"","meta":{"_acf_changed":false,"give_campaign_id":0,"footnotes":""},"class_list":["post-3","page","type-page","status-publish","hentry"],"acf":[],"campaignId":"0","_links":{"self":[{"href":"https:\/\/amigosdelaunesco.com\/en\/wp-json\/wp\/v2\/pages\/3","targetHints":{"allow":["GET"]}}],"collection":[{"href":"https:\/\/amigosdelaunesco.com\/en\/wp-json\/wp\/v2\/pages"}],"about":[{"href":"https:\/\/amigosdelaunesco.com\/en\/wp-json\/wp\/v2\/types\/page"}],"author":[{"embeddable":true,"href":"https:\/\/amigosdelaunesco.com\/en\/wp-json\/wp\/v2\/users\/1"}],"replies":[{"embeddable":true,"href":"https:\/\/amigosdelaunesco.com\/en\/wp-json\/wp\/v2\/comments?post=3"}],"version-history":[{"count":4,"href":"https:\/\/amigosdelaunesco.com\/en\/wp-json\/wp\/v2\/pages\/3\/revisions"}],"predecessor-version":[{"id":38256,"href":"https:\/\/amigosdelaunesco.com\/en\/wp-json\/wp\/v2\/pages\/3\/revisions\/38256"}],"wp:attachment":[{"href":"https:\/\/amigosdelaunesco.com\/en\/wp-json\/wp\/v2\/media?parent=3"}],"curies":[{"name":"wp","href":"https:\/\/api.w.org\/{rel}","templated":true}]}}