{"id":3,"date":"2025-04-19T17:10:23","date_gmt":"2025-04-19T17:10:23","guid":{"rendered":"http:\/\/amigosdelaunesco.com\/?page_id=3"},"modified":"2025-06-08T02:34:35","modified_gmt":"2025-06-08T07:34:35","slug":"politicas-de-privacidad","status":"publish","type":"page","link":"https:\/\/amigosdelaunesco.com\/es_co\/politicas-de-privacidad\/","title":{"rendered":"Pol\u00edticas de privacidad"},"content":{"rendered":"\t\t<div data-elementor-type=\"wp-page\" data-elementor-id=\"3\" class=\"elementor elementor-3\" data-elementor-post-type=\"page\">\n\t\t\t\t<div class=\"elementor-element elementor-element-12625872 e-flex e-con-boxed cmsmasters-block-default e-con e-parent\" data-id=\"12625872\" data-element_type=\"container\">\n\t\t\t\t\t<div class=\"e-con-inner\">\n\t\t\t\t<div class=\"elementor-element elementor-element-28f414d cmsmasters-block-default cmsmasters-sticky-default elementor-widget elementor-widget-spacer\" data-id=\"28f414d\" data-element_type=\"widget\" data-widget_type=\"spacer.default\">\n\t\t\t\t<div class=\"elementor-widget-container\">\n\t\t\t\t\t\t\t<div class=\"elementor-spacer\">\n\t\t\t<div class=\"elementor-spacer-inner\"><\/div>\n\t\t<\/div>\n\t\t\t\t\t\t<\/div>\n\t\t\t\t<\/div>\n\t\t\t\t<div class=\"elementor-element elementor-element-3907814 cmsmasters-block-default cmsmasters-sticky-default elementor-widget elementor-widget-text-editor\" data-id=\"3907814\" data-element_type=\"widget\" data-widget_type=\"text-editor.default\">\n\t\t\t\t<div class=\"elementor-widget-container\">\n\t\t\t\t\t\t\t\t\t\n<h2 class=\"wp-block-heading\"><strong>Pol\u00edtica de Privacidad de la Corporaci\u00f3n Amigos de la UNESCO<\/strong><\/h2>\n<p>En la Corporaci\u00f3n Amigos de la UNESCO, nos comprometemos con la protecci\u00f3n y privacidad de los datos personales <span class=\"citation-82 citation-end-82\">de nuestros usuarios y visitantes. Esta pol\u00edtica de privacidad detalla c\u00f3mo recopilamos, utilizamos y protegemos la informaci\u00f3n<\/span> en nuestro sitio web, alojado por Hostinger Colombia.<\/p>\n<h3 class=\"wp-block-heading\"><strong>\u00bfQui\u00e9nes somos?<\/strong><\/h3>\n\n<p>La direcci\u00f3n de nuestro sitio web es: <strong><a class=\"ng-star-inserted\" href=\"https:\/\/amigosdelaunesco.com\" target=\"_blank\" rel=\"noopener\">https:\/\/amigosdelaunesco.com<\/a><\/strong>. Somos la <strong>Corporaci\u00f3n Amigos de la UNESCO<\/strong>, una organizaci\u00f3n de derecho privado, sin \u00e1nimo de lucro, dedicada al desarrollo social integral en Colombia, con respaldo global.<\/p>\n\n<h3 class=\"wp-block-heading\">Comentarios<\/h3>\n\n<p data-sourcepos=\"13:1-14:275\">Cuando los <span class=\"citation-81\">visitantes dejan comentarios en nuestro sitio, recopilamos los datos que se muestran en el formulario de comentarios, as\u00ed como la direcci<\/span><span class=\"citation-80 citation-81 citation-end-81\">\u00f3n IP del visitante<\/span><span class=\"citation-80\"> y la cadena de agente de usuario del navegador para ayudar a la <\/span><span class=\"citation-79 citation-80\">detecci\u00f3n de spam.<\/span><\/p>\n<p data-sourcepos=\"16:1-16:485\"><span class=\"citation-79 citation-80 citation-end-80\">Una cadena anonimizada creada a partir de su direcci\u00f3n<\/span><span class=\"citation-79\"> de correo electr\u00f3nico (tambi\u00e9n llamada <\/span><span class=\"citation-78 citation-79 citation-end-79\">hash) puede ser proporcionada al<\/span><span class=\"citation-78 citation-end-78\"> servicio Gravatar para ver si usted lo est\u00e1 utilizando. La pol\u00edtica de privacidad del servicio Gravatar est\u00e1 disponible aqu\u00ed:<\/span> <a class=\"ng-star-inserted\" href=\"https:\/\/automattic.com\/privacy\/\" target=\"_blank\" rel=\"noopener\">https:\/\/automattic.com\/privacy\/<\/a>. <span class=\"citation-77 citation-end-77\">Despu\u00e9s de la aprobaci\u00f3n de su comentario, su imagen de perfil ser\u00e1 visible para el p\u00fablico en el contexto de su comentario.<\/span><\/p>\n\n<h3 class=\"wp-block-heading\">Medios<\/h3>\n\n<p>Si sube im\u00e1genes a nuestro <span class=\"citation-76\">sitio web, debe evitar subir <\/span><span class=\"citation-75 citation-76 citation-end-76\">im\u00e1genes con datos de ubicaci\u00f3n incrustados (EXIF GPS). Los visitantes del sitio web pueden descargar<\/span><span class=\"citation-75\"> y extraer cualquier dato <\/span><span class=\"citation-74 citation-75 citation-end-75\">de ubicaci\u00f3n de las im\u00e1genes en el sitio<\/span><span class=\"citation-74\"> web.<\/span><\/p>\n\n<h3 class=\"wp-block-heading\">Cookies<\/h3>\n\n<p data-sourcepos=\"21:1-22:322\"><span class=\"citation-74\">Si deja un comentario en nuestro sitio, puede <\/span><span class=\"citation-73 citation-74 citation-end-74\">optar por guardar su nombre, direcci\u00f3n de correo electr\u00f3nico<\/span><span class=\"citation-73\"> y sitio web en cookies. Esto es para su conveniencia, de modo que no <\/span><span class=\"citation-72 citation-73 citation-end-73\">tenga que volver<\/span><span class=\"citation-72\"> a rellenar sus datos cuando deje <\/span><span class=\"citation-71 citation-72\">otro comentario. Estas cookies tendr\u00e1n una duraci\u00f3n de un a\u00f1o.<\/span><\/p>\n<p data-sourcepos=\"24:1-24:233\"><span class=\"citation-71 citation-72 citation-end-72\">Si visita nuestra p\u00e1gina de inicio de sesi\u00f3n,<\/span><span class=\"citation-71\"> estableceremos una cookie <\/span><span class=\"citation-70 citation-71 citation-end-71\">temporal para determinar si su navegador acepta cookies. Esta cookie no contiene datos personales<\/span><span class=\"citation-70\"> y se elimina cuando cierra su navegador.<\/span><\/p>\n<p data-sourcepos=\"26:1-26:454\"><span class=\"citation-70 citation-end-70\">Cuando inicia<\/span> <span class=\"citation-69 citation-end-69\">sesi\u00f3n, tambi\u00e9n configuraremos varias cookies para guardar su informaci\u00f3n de inicio de sesi\u00f3n y sus opciones de visualizaci\u00f3n de pantalla. Las cookies de inicio de sesi\u00f3n duran dos d\u00edas, y las cookies de opciones<\/span> <span class=\"citation-68 citation-end-68\">de pantalla duran un a\u00f1o. Si selecciona &#8220;Recordarme&#8221;, su inicio de sesi\u00f3n persistir\u00e1 durante dos semanas. Si cierra la sesi\u00f3n de su cuenta, las cookies de inicio de sesi\u00f3n ser\u00e1n eliminadas.<\/span><\/p>\n<p data-sourcepos=\"28:1-28:243\"><span class=\"citation-67 citation-end-67\">Si edita o publica un art\u00edculo, se guardar\u00e1 una cookie adicional en su navegador. Esta cookie no incluye datos personales y simplemente indica<\/span> el ID de la entrada del art\u00edculo que acaba de editar. Expira <span class=\"citation-66\">despu\u00e9s de 1 d\u00eda.<\/span><\/p>\n\n<h3 class=\"wp-block-heading\"><strong><span class=\"citation-66\">Contenido incrustado de otros sitios web<\/span><\/strong><\/h3>\n\n<p data-sourcepos=\"30:1-31:271\"><span class=\"citation-66 citation-end-66\">Los art\u00edculos en este sitio pueden incluir contenido incrustado (por ejemplo, videos, im\u00e1genes, art\u00edculos, etc.). El contenido<\/span> <span class=\"citation-65\">incrustado de otros sitios web se comporta exactamente de la misma manera que si el visitante hubiera visitado el otro sitio web.<\/span><\/p>\n<p data-sourcepos=\"33:1-33:336\"><span class=\"citation-65 citation-end-65\">Estos sitios web pueden recopilar datos sobre usted,<\/span> utilizar <span class=\"citation-64\">cookies, incrustar un seguimiento adicional de terceros y monitorear su interacci\u00f3n con ese contenido incrustado, incluyendo el seguimiento de su interacci\u00f3n con <\/span><span class=\"citation-63 citation-64 citation-end-64\">el contenido incrustado si tiene una cuenta y ha iniciado sesi\u00f3n en<\/span><span class=\"citation-63\"> ese sitio web.<\/span><\/p>\n\n<h3 class=\"wp-block-heading\"><strong><span class=\"citation-63\">Con qui\u00e9n compartimos sus datos<\/span><\/strong><\/h3>\n\n<p><span class=\"citation-63 citation-end-63\">Si solicita un restablecimiento de contrase\u00f1a, su direcci\u00f3n IP ser\u00e1<\/span> incluida <span class=\"citation-62\">en el correo electr\u00f3nico de restablecimiento.<\/span><\/p>\n\n<h3 class=\"wp-block-heading\"><strong><span class=\"citation-62\">Cu\u00e1nto tiempo conservamos sus datos<\/span><\/strong><\/h3>\n\n<p data-sourcepos=\"38:1-39:245\"><span class=\"citation-62\">Si deja <\/span><span class=\"citation-61 citation-62 citation-end-62\">un comentario, el comentario y sus metadatos se conservan<\/span><span class=\"citation-61\"> indefinidamente. Esto es para que podamos reconocer y aprobar autom\u00e1ticamente cualquier comentario de seguimiento en lugar de mantenerlos en una cola de moderaci\u00f3n.<\/span><\/p>\n<p data-sourcepos=\"41:1-41:397\"><span class=\"citation-61 citation-end-61\">Para los usuarios que se registran<\/span> en nuestro sitio web (si los hay), tambi\u00e9n almacenamos la informaci\u00f3n personal que proporcionan en su perfil de usuario. Todos los usuarios pueden ver, editar o eliminar su informaci\u00f3n personal en cualquier momento (excepto que no pueden cambiar su nombre de usuario). Los administradores del sitio <span class=\"citation-60\">web tambi\u00e9n pueden ver y editar esa informaci\u00f3n.<\/span><\/p>\n\n<h3 class=\"wp-block-heading\"><strong><span class=\"citation-60\">Qu\u00e9 derechos tiene sobre sus datos<\/span><\/strong><\/h3>\n\n<p><span class=\"citation-60\">Si tiene una cuenta en este sitio, o ha dejado <\/span><span class=\"citation-59 citation-60 citation-end-60\">comentarios, puede solicitar recibir un archivo exportado de los<\/span><span class=\"citation-59\"> datos personales que tenemos sobre usted, incluyendo cualquier dato <\/span><span class=\"citation-58 citation-59 citation-end-59\">que nos haya proporcionado. Tambi\u00e9n<\/span><span class=\"citation-58 citation-end-58\"> puede solicitar que borremos cualquier dato personal que tengamos sobre usted. Esto no incluye ning\u00fan dato que estemos obligados a conservar para fines administrativos, legales o de seguridad.<\/span><\/p>\n\n<h3 class=\"wp-block-heading\"><strong>D\u00f3nde se env\u00edan <span class=\"citation-57\">sus datos<\/span><\/strong><\/h3>\n\n<p>Los comentarios de los visitantes pueden ser revisados a trav\u00e9s de un servicio automatizado de detecci\u00f3n de spam.<\/p>\n\n<p>\u00a0<\/p>\t\t\t\t\t\t\t\t<\/div>\n\t\t\t\t<\/div>\n\t\t\t\t\t<\/div>\n\t\t\t\t<\/div>\n\t\t\t\t<\/div>\n\t\t","protected":false},"excerpt":{"rendered":"<p>Pol\u00edtica de Privacidad de la Corporaci\u00f3n Amigos de la UNESCO En la Corporaci\u00f3n Amigos de la UNESCO, nos comprometemos con la protecci\u00f3n y privacidad de los datos personales de nuestros usuarios y visitantes. Esta pol\u00edtica de privacidad detalla c\u00f3mo recopilamos, utilizamos y protegemos la informaci\u00f3n en nuestro sitio web, alojado por Hostinger Colombia. \u00bfQui\u00e9nes somos?&#8230;<\/p>\n","protected":false},"author":1,"featured_media":0,"parent":0,"menu_order":0,"comment_status":"closed","ping_status":"open","template":"","meta":{"_acf_changed":false,"give_campaign_id":0,"footnotes":""},"class_list":["post-3","page","type-page","status-publish","hentry"],"acf":[],"campaignId":"0","_links":{"self":[{"href":"https:\/\/amigosdelaunesco.com\/es_co\/wp-json\/wp\/v2\/pages\/3","targetHints":{"allow":["GET"]}}],"collection":[{"href":"https:\/\/amigosdelaunesco.com\/es_co\/wp-json\/wp\/v2\/pages"}],"about":[{"href":"https:\/\/amigosdelaunesco.com\/es_co\/wp-json\/wp\/v2\/types\/page"}],"author":[{"embeddable":true,"href":"https:\/\/amigosdelaunesco.com\/es_co\/wp-json\/wp\/v2\/users\/1"}],"replies":[{"embeddable":true,"href":"https:\/\/amigosdelaunesco.com\/es_co\/wp-json\/wp\/v2\/comments?post=3"}],"version-history":[{"count":4,"href":"https:\/\/amigosdelaunesco.com\/es_co\/wp-json\/wp\/v2\/pages\/3\/revisions"}],"predecessor-version":[{"id":38256,"href":"https:\/\/amigosdelaunesco.com\/es_co\/wp-json\/wp\/v2\/pages\/3\/revisions\/38256"}],"wp:attachment":[{"href":"https:\/\/amigosdelaunesco.com\/es_co\/wp-json\/wp\/v2\/media?parent=3"}],"curies":[{"name":"wp","href":"https:\/\/api.w.org\/{rel}","templated":true}]}}